{"id":10,"date":"2021-09-07T20:03:34","date_gmt":"2021-09-07T20:03:34","guid":{"rendered":"https:\/\/webdeluxe.com.co\/edifintel\/?page_id=10"},"modified":"2021-10-01T21:30:06","modified_gmt":"2021-10-01T21:30:06","slug":"publicaciones","status":"publish","type":"page","link":"https:\/\/edifintel.com\/inicio\/publicaciones\/","title":{"rendered":"PUBLICACIONES"},"content":{"rendered":"<p>[et_pb_section fb_built=\u00bb1&#8243; _builder_version=\u00bb4.9.11&#8243; _module_preset=\u00bbdefault\u00bb custom_margin=\u00bb||||false|false\u00bb custom_padding=\u00bb10%|0px|6px|0px|false|false\u00bb global_colors_info=\u00bb{}\u00bb][et_pb_row _builder_version=\u00bb4.9.11&#8243; _module_preset=\u00bbdefault\u00bb custom_margin=\u00bb|auto|10px|auto||\u00bb global_colors_info=\u00bb{}\u00bb][et_pb_column type=\u00bb4_4&#8243; _builder_version=\u00bb4.9.11&#8243; _module_preset=\u00bbdefault\u00bb global_colors_info=\u00bb{}\u00bb][et_pb_cta title=\u00bbPublicaciones\u00bb _builder_version=\u00bb4.9.11&#8243; _module_preset=\u00bbdefault\u00bb header_font=\u00bbPoppins|700|||||||\u00bb header_text_align=\u00bbleft\u00bb header_text_color=\u00bb#373435&#8243; header_font_size=\u00bb52px\u00bb body_font=\u00bbLato||||||||\u00bb body_text_align=\u00bbjustify\u00bb body_text_color=\u00bb#373435&#8243; body_font_size=\u00bb15px\u00bb background_enable_color=\u00bboff\u00bb custom_margin=\u00bb16px||0px|||\u00bb custom_padding=\u00bb||0px|||\u00bb global_colors_info=\u00bb{}\u00bb]<\/p>\n<p>En esta secci\u00f3n encontrar\u00e1s noticias y temas de inter\u00e9s relacionados con la compra de vivienda, que podr\u00e1n serte de gran utilidad durante tu procesos de adquisici\u00f3n de vivienda o proyecto de inversi\u00f3n.\u00a0<\/p>\n<p>[\/et_pb_cta][\/et_pb_column][\/et_pb_row][et_pb_row _builder_version=\u00bb4.9.11&#8243; _module_preset=\u00bbdefault\u00bb hover_enabled=\u00bb0&#8243; global_colors_info=\u00bb{}\u00bb sticky_enabled=\u00bb0&#8243;][et_pb_column type=\u00bb4_4&#8243; _builder_version=\u00bb4.9.11&#8243; _module_preset=\u00bbdefault\u00bb global_colors_info=\u00bb{}\u00bb][et_pb_blog fullwidth=\u00bboff\u00bb include_categories=\u00bb9&#8243; _builder_version=\u00bb4.9.11&#8243; _module_preset=\u00bbdefault\u00bb header_font=\u00bbPoppins|700|||||||\u00bb header_font_size=\u00bb15px\u00bb body_font_size=\u00bb13px\u00bb global_colors_info=\u00bb{}\u00bb][\/et_pb_blog][\/et_pb_column][\/et_pb_row][\/et_pb_section][et_pb_section fb_built=\u00bb1&#8243; disabled_on=\u00bboff|off|off\u00bb _builder_version=\u00bb4.9.2&#8243; _module_preset=\u00bbdefault\u00bb background_color=\u00bb#e2e2e2&#8243; custom_padding=\u00bb29px||17px|||\u00bb global_module=\u00bb679&#8243; saved_tabs=\u00bball\u00bb global_colors_info=\u00bb{}\u00bb][et_pb_row column_structure=\u00bb1_2,1_2&#8243; _builder_version=\u00bb4.9.2&#8243; _module_preset=\u00bbdefault\u00bb global_colors_info=\u00bb{}\u00bb][et_pb_column type=\u00bb1_2&#8243; _builder_version=\u00bb4.9.2&#8243; _module_preset=\u00bbdefault\u00bb global_colors_info=\u00bb{}\u00bb][et_pb_text _builder_version=\u00bb4.9.11&#8243; _module_preset=\u00bbdefault\u00bb text_font=\u00bbPoppins|600|||||||\u00bb text_font_size=\u00bb22px\u00bb custom_padding=\u00bb||16px|||\u00bb global_colors_info=\u00bb{}\u00bb]<\/p>\n<p>Informaci\u00f3n de Contacto:<\/p>\n<p>[\/et_pb_text][et_pb_blurb title=\u00bb305 5889536 &#8211; 314 3284145 \u00bb use_icon=\u00bbon\u00bb font_icon=\u00bb%%104%%\u00bb icon_color=\u00bb#373435&#8243; icon_placement=\u00bbleft\u00bb use_icon_font_size=\u00bbon\u00bb icon_font_size=\u00bb23px\u00bb _builder_version=\u00bb4.9.11&#8243; _module_preset=\u00bbdefault\u00bb header_font=\u00bbPoppins||||||||\u00bb min_height=\u00bb33px\u00bb custom_margin=\u00bb-25px|||||\u00bb custom_padding=\u00bb||17px|43px||\u00bb header_font_size_tablet=\u00bb\u00bb header_font_size_phone=\u00bb15px\u00bb header_font_size_last_edited=\u00bbon|desktop\u00bb global_colors_info=\u00bb{}\u00bb][\/et_pb_blurb][et_pb_blurb title=\u00bbventastlm@edifintel.com\u00bb use_icon=\u00bbon\u00bb font_icon=\u00bb%%109%%\u00bb icon_color=\u00bb#373435&#8243; icon_placement=\u00bbleft\u00bb use_icon_font_size=\u00bbon\u00bb icon_font_size=\u00bb23px\u00bb _builder_version=\u00bb4.9.11&#8243; _module_preset=\u00bbdefault\u00bb header_font=\u00bbPoppins||||||||\u00bb min_height=\u00bb33px\u00bb custom_margin=\u00bb-25px|||||\u00bb custom_padding=\u00bb||17px|43px||\u00bb header_font_size_tablet=\u00bb\u00bb header_font_size_phone=\u00bb16px\u00bb header_font_size_last_edited=\u00bbon|phone\u00bb global_colors_info=\u00bb{}\u00bb][\/et_pb_blurb][et_pb_blurb title=\u00bbDirecci\u00f3n:\u00bb use_icon=\u00bbon\u00bb font_icon=\u00bb%%249%%\u00bb icon_color=\u00bb#373435&#8243; icon_placement=\u00bbleft\u00bb use_icon_font_size=\u00bbon\u00bb icon_font_size=\u00bb23px\u00bb _builder_version=\u00bb4.9.11&#8243; _module_preset=\u00bbdefault\u00bb header_font=\u00bbPoppins||||||||\u00bb min_height=\u00bb33px\u00bb custom_margin=\u00bb-25px|||||\u00bb custom_padding=\u00bb||17px|43px||\u00bb global_colors_info=\u00bb{}\u00bb]<\/p>\n<p><span>Cra 35a #57b-14\/16<\/span><br \/>Nicol\u00e1s de Federman | Bogot\u00e1, Colombia<\/p>\n<p>[\/et_pb_blurb][\/et_pb_column][et_pb_column type=\u00bb1_2&#8243; _builder_version=\u00bb4.9.2&#8243; _module_preset=\u00bbdefault\u00bb global_colors_info=\u00bb{}\u00bb][et_pb_image src=\u00bbhttp:\/\/edifintel.com\/inicio\/wp-content\/uploads\/2021\/09\/LOGO.png\u00bb title_text=\u00bbLOGO\u00bb align=\u00bbcenter\u00bb _builder_version=\u00bb4.9.11&#8243; _module_preset=\u00bbdefault\u00bb width=\u00bb43%\u00bb custom_padding=\u00bb0px|||||\u00bb global_colors_info=\u00bb{}\u00bb][\/et_pb_image][et_pb_social_media_follow _builder_version=\u00bb4.9.11&#8243; _module_preset=\u00bbdefault\u00bb text_orientation=\u00bbcenter\u00bb global_colors_info=\u00bb{}\u00bb][et_pb_social_media_follow_network social_network=\u00bbinstagram\u00bb url=\u00bbhttps:\/\/www.instagram.com\/edifintel\/\u00bb _builder_version=\u00bb4.9.11&#8243; _module_preset=\u00bbdefault\u00bb background_color=\u00bb#ea2c59&#8243; global_colors_info=\u00bb{}\u00bb follow_button=\u00bboff\u00bb url_new_window=\u00bbon\u00bb]instagram[\/et_pb_social_media_follow_network][et_pb_social_media_follow_network social_network=\u00bbfacebook\u00bb url=\u00bbhttps:\/\/www.facebook.com\/EdificiosInteligentesSAS\/\u00bb _builder_version=\u00bb4.9.11&#8243; _module_preset=\u00bbdefault\u00bb background_color=\u00bb#3b5998&#8243; global_colors_info=\u00bb{}\u00bb follow_button=\u00bboff\u00bb url_new_window=\u00bbon\u00bb]facebook[\/et_pb_social_media_follow_network][\/et_pb_social_media_follow][\/et_pb_column][\/et_pb_row][\/et_pb_section]<\/p>\n","protected":false},"excerpt":{"rendered":"<p>En esta secci\u00f3n encontrar\u00e1s noticias y temas de inter\u00e9s relacionados con la compra de vivienda, que podr\u00e1n serte de gran utilidad durante tu procesos de adquisici\u00f3n de vivienda o proyecto de inversi\u00f3n.\u00a0Informaci\u00f3n de Contacto:Cra 35a #57b-14\/16Nicol\u00e1s de Federman | Bogot\u00e1, Colombiainstagramfacebook<\/p>\n","protected":false},"author":1,"featured_media":0,"parent":0,"menu_order":0,"comment_status":"closed","ping_status":"closed","template":"","meta":{"_et_pb_use_builder":"on","_et_pb_old_content":"","_et_gb_content_width":"","footnotes":""},"class_list":["post-10","page","type-page","status-publish","hentry"],"yoast_head":"<!-- This site is optimized with the Yoast SEO plugin v19.2 - https:\/\/yoast.com\/wordpress\/plugins\/seo\/ -->\n<title>PUBLICACIONES - Torre de la Merced<\/title>\n<meta name=\"robots\" content=\"index, follow, max-snippet:-1, max-image-preview:large, max-video-preview:-1\" \/>\n<link rel=\"canonical\" href=\"https:\/\/edifintel.com\/inicio\/publicaciones\/\" \/>\n<meta property=\"og:locale\" content=\"es_ES\" \/>\n<meta property=\"og:type\" content=\"article\" \/>\n<meta property=\"og:title\" content=\"PUBLICACIONES - Torre de la Merced\" \/>\n<meta property=\"og:description\" content=\"En esta secci\u00f3n encontrar\u00e1s noticias y temas de inter\u00e9s relacionados con la compra de vivienda, que podr\u00e1n serte de gran utilidad durante tu procesos de adquisici\u00f3n de vivienda o proyecto de inversi\u00f3n.\u00a0Informaci\u00f3n de Contacto:Cra 35a #57b-14\/16Nicol\u00e1s de Federman | Bogot\u00e1, Colombiainstagramfacebook\" \/>\n<meta property=\"og:url\" content=\"https:\/\/edifintel.com\/inicio\/publicaciones\/\" \/>\n<meta property=\"og:site_name\" content=\"Torre de la Merced\" \/>\n<meta property=\"article:modified_time\" content=\"2021-10-01T21:30:06+00:00\" \/>\n<meta name=\"author\" content=\"admin\" \/>\n<meta name=\"twitter:card\" content=\"summary_large_image\" \/>\n<meta name=\"twitter:label1\" content=\"Tiempo de lectura\" \/>\n\t<meta name=\"twitter:data1\" content=\"3 minutos\" \/>\n<script type=\"application\/ld+json\" class=\"yoast-schema-graph\">{\"@context\":\"https:\/\/schema.org\",\"@graph\":[{\"@type\":\"WebSite\",\"@id\":\"https:\/\/edifintel.com\/inicio\/#website\",\"url\":\"https:\/\/edifintel.com\/inicio\/\",\"name\":\"Torre de la Merced\",\"description\":\"Apartamentos Nicol\u00e1s de Federm\u00e1n\",\"potentialAction\":[{\"@type\":\"SearchAction\",\"target\":{\"@type\":\"EntryPoint\",\"urlTemplate\":\"https:\/\/edifintel.com\/inicio\/?s={search_term_string}\"},\"query-input\":\"required name=search_term_string\"}],\"inLanguage\":\"es\"},{\"@type\":\"WebPage\",\"@id\":\"https:\/\/edifintel.com\/inicio\/publicaciones\/#webpage\",\"url\":\"https:\/\/edifintel.com\/inicio\/publicaciones\/\",\"name\":\"PUBLICACIONES - Torre de la Merced\",\"isPartOf\":{\"@id\":\"https:\/\/edifintel.com\/inicio\/#website\"},\"datePublished\":\"2021-09-07T20:03:34+00:00\",\"dateModified\":\"2021-10-01T21:30:06+00:00\",\"breadcrumb\":{\"@id\":\"https:\/\/edifintel.com\/inicio\/publicaciones\/#breadcrumb\"},\"inLanguage\":\"es\",\"potentialAction\":[{\"@type\":\"ReadAction\",\"target\":[\"https:\/\/edifintel.com\/inicio\/publicaciones\/\"]}]},{\"@type\":\"BreadcrumbList\",\"@id\":\"https:\/\/edifintel.com\/inicio\/publicaciones\/#breadcrumb\",\"itemListElement\":[{\"@type\":\"ListItem\",\"position\":1,\"name\":\"Portada\",\"item\":\"https:\/\/edifintel.com\/inicio\/\"},{\"@type\":\"ListItem\",\"position\":2,\"name\":\"PUBLICACIONES\"}]}]}<\/script>\n<!-- \/ Yoast SEO plugin. -->","yoast_head_json":{"title":"PUBLICACIONES - Torre de la Merced","robots":{"index":"index","follow":"follow","max-snippet":"max-snippet:-1","max-image-preview":"max-image-preview:large","max-video-preview":"max-video-preview:-1"},"canonical":"https:\/\/edifintel.com\/inicio\/publicaciones\/","og_locale":"es_ES","og_type":"article","og_title":"PUBLICACIONES - Torre de la Merced","og_description":"En esta secci\u00f3n encontrar\u00e1s noticias y temas de inter\u00e9s relacionados con la compra de vivienda, que podr\u00e1n serte de gran utilidad durante tu procesos de adquisici\u00f3n de vivienda o proyecto de inversi\u00f3n.\u00a0Informaci\u00f3n de Contacto:Cra 35a #57b-14\/16Nicol\u00e1s de Federman | Bogot\u00e1, Colombiainstagramfacebook","og_url":"https:\/\/edifintel.com\/inicio\/publicaciones\/","og_site_name":"Torre de la Merced","article_modified_time":"2021-10-01T21:30:06+00:00","author":"admin","twitter_card":"summary_large_image","twitter_misc":{"Tiempo de lectura":"3 minutos"},"schema":{"@context":"https:\/\/schema.org","@graph":[{"@type":"WebSite","@id":"https:\/\/edifintel.com\/inicio\/#website","url":"https:\/\/edifintel.com\/inicio\/","name":"Torre de la Merced","description":"Apartamentos Nicol\u00e1s de Federm\u00e1n","potentialAction":[{"@type":"SearchAction","target":{"@type":"EntryPoint","urlTemplate":"https:\/\/edifintel.com\/inicio\/?s={search_term_string}"},"query-input":"required name=search_term_string"}],"inLanguage":"es"},{"@type":"WebPage","@id":"https:\/\/edifintel.com\/inicio\/publicaciones\/#webpage","url":"https:\/\/edifintel.com\/inicio\/publicaciones\/","name":"PUBLICACIONES - Torre de la Merced","isPartOf":{"@id":"https:\/\/edifintel.com\/inicio\/#website"},"datePublished":"2021-09-07T20:03:34+00:00","dateModified":"2021-10-01T21:30:06+00:00","breadcrumb":{"@id":"https:\/\/edifintel.com\/inicio\/publicaciones\/#breadcrumb"},"inLanguage":"es","potentialAction":[{"@type":"ReadAction","target":["https:\/\/edifintel.com\/inicio\/publicaciones\/"]}]},{"@type":"BreadcrumbList","@id":"https:\/\/edifintel.com\/inicio\/publicaciones\/#breadcrumb","itemListElement":[{"@type":"ListItem","position":1,"name":"Portada","item":"https:\/\/edifintel.com\/inicio\/"},{"@type":"ListItem","position":2,"name":"PUBLICACIONES"}]}]}},"_links":{"self":[{"href":"https:\/\/edifintel.com\/inicio\/wp-json\/wp\/v2\/pages\/10","targetHints":{"allow":["GET"]}}],"collection":[{"href":"https:\/\/edifintel.com\/inicio\/wp-json\/wp\/v2\/pages"}],"about":[{"href":"https:\/\/edifintel.com\/inicio\/wp-json\/wp\/v2\/types\/page"}],"author":[{"embeddable":true,"href":"https:\/\/edifintel.com\/inicio\/wp-json\/wp\/v2\/users\/1"}],"replies":[{"embeddable":true,"href":"https:\/\/edifintel.com\/inicio\/wp-json\/wp\/v2\/comments?post=10"}],"version-history":[{"count":6,"href":"https:\/\/edifintel.com\/inicio\/wp-json\/wp\/v2\/pages\/10\/revisions"}],"predecessor-version":[{"id":1087,"href":"https:\/\/edifintel.com\/inicio\/wp-json\/wp\/v2\/pages\/10\/revisions\/1087"}],"wp:attachment":[{"href":"https:\/\/edifintel.com\/inicio\/wp-json\/wp\/v2\/media?parent=10"}],"curies":[{"name":"wp","href":"https:\/\/api.w.org\/{rel}","templated":true}]}}