{"id":8,"date":"2021-09-07T20:03:26","date_gmt":"2021-09-07T20:03:26","guid":{"rendered":"https:\/\/webdeluxe.com.co\/edifintel\/?page_id=8"},"modified":"2021-09-28T16:15:10","modified_gmt":"2021-09-28T16:15:10","slug":"acerca-de-edifintel","status":"publish","type":"page","link":"https:\/\/edifintel.com\/inicio\/acerca-de-edifintel\/","title":{"rendered":"ACERCA DE EDIFINTEL"},"content":{"rendered":"<p>[et_pb_section fb_built=\u00bb1&#8243; _builder_version=\u00bb4.9.11&#8243; _module_preset=\u00bbdefault\u00bb custom_margin=\u00bb||||false|false\u00bb custom_padding=\u00bb10%|0px|6px|0px|false|false\u00bb global_colors_info=\u00bb{}\u00bb][et_pb_row column_structure=\u00bb1_2,1_2&#8243; _builder_version=\u00bb4.9.11&#8243; _module_preset=\u00bbdefault\u00bb custom_margin=\u00bb|auto|10px|auto||\u00bb global_colors_info=\u00bb{}\u00bb][et_pb_column type=\u00bb1_2&#8243; _builder_version=\u00bb4.9.11&#8243; _module_preset=\u00bbdefault\u00bb global_colors_info=\u00bb{}\u00bb][et_pb_cta title=\u00bbSOBRE EDIFINTEL\u00bb _builder_version=\u00bb4.9.11&#8243; _module_preset=\u00bbdefault\u00bb header_font=\u00bbPoppins|700|||||||\u00bb header_text_align=\u00bbleft\u00bb header_text_color=\u00bb#373435&#8243; body_font=\u00bbLato||||||||\u00bb body_text_align=\u00bbjustify\u00bb body_text_color=\u00bb#373435&#8243; body_font_size=\u00bb15px\u00bb background_enable_color=\u00bboff\u00bb custom_margin=\u00bb16px||0px|||\u00bb custom_padding=\u00bb||0px|||\u00bb hover_enabled=\u00bb0&#8243; global_colors_info=\u00bb{}\u00bb sticky_enabled=\u00bb0&#8243;]<\/p>\n<p>Dise\u00f1amos y construimos viviendas ofreciendo confort, seguridad y bienestar, incorporando tecnolog\u00edas que ayudan a la conservaci\u00f3n del medio ambiente y el uso inteligente de la energ\u00eda.<\/p>\n<p>Hemos construido proyectos de vivienda en Bogot\u00e1, en sectores tales como Nicolas de Federman.<\/p>\n<p>Nuestro proyecto goza de gran valorizaci\u00f3n con excelentes acabados y especificaciones acordes a las necesidades del mercado.<\/p>\n<p>Somos una empresa constructora enfocada en realizar los mejores proyectos inmobiliarios para nuestros clientes.<\/p>\n<p><strong><\/strong><\/p>\n<p>[\/et_pb_cta][\/et_pb_column][et_pb_column type=\u00bb1_2&#8243; _builder_version=\u00bb4.9.11&#8243; _module_preset=\u00bbdefault\u00bb global_colors_info=\u00bb{}\u00bb][et_pb_image src=\u00bbhttp:\/\/edifintel.com\/inicio\/wp-content\/uploads\/2021\/09\/LOGO.png\u00bb title_text=\u00bbLOGO\u00bb _builder_version=\u00bb4.9.11&#8243; _module_preset=\u00bbdefault\u00bb hover_enabled=\u00bb0&#8243; global_colors_info=\u00bb{}\u00bb sticky_enabled=\u00bb0&#8243; custom_padding=\u00bb86px|||||\u00bb][\/et_pb_image][\/et_pb_column][\/et_pb_row][\/et_pb_section][et_pb_section fb_built=\u00bb1&#8243; _builder_version=\u00bb4.9.11&#8243; _module_preset=\u00bbdefault\u00bb custom_padding=\u00bb0px|||||\u00bb global_colors_info=\u00bb{}\u00bb][et_pb_row _builder_version=\u00bb4.9.11&#8243; _module_preset=\u00bbdefault\u00bb hover_enabled=\u00bb0&#8243; global_colors_info=\u00bb{}\u00bb border_radii=\u00bboff||200px||200px\u00bb sticky_enabled=\u00bb0&#8243;][et_pb_column type=\u00bb4_4&#8243; _builder_version=\u00bb4.9.11&#8243; _module_preset=\u00bbdefault\u00bb background_color=\u00bb#b7cc33&#8243; global_colors_info=\u00bb{}\u00bb][et_pb_cta title=\u00bbNuestro Objeto Principal\u00bb button_text=\u00bbClics\u00bb _builder_version=\u00bb4.9.11&#8243; _module_preset=\u00bbdefault\u00bb header_font=\u00bbPoppins|700|||||||\u00bb header_font_size=\u00bb24px\u00bb body_font=\u00bbLato||||||||\u00bb body_font_size=\u00bb15px\u00bb background_color=\u00bb#b7cc33&#8243; hover_enabled=\u00bb0&#8243; global_colors_info=\u00bb{}\u00bb sticky_enabled=\u00bb0&#8243; body_text_align=\u00bbjustify\u00bb custom_padding=\u00bb||4px|||\u00bb]<\/p>\n<ul>\n<li>La elaboraci\u00f3n de estudios t\u00e9cnicos, ejecuci\u00f3n de obras, prestaci\u00f3n de servicios de asesor\u00eda y consultor\u00eda a cualquier tipo de persona jur\u00eddica p\u00fablicas y privadas colombianas, for\u00e1neas o mixtas, para el desarrollo de actividades relacionadas con el sector de la arquitectura, el dise\u00f1o y la construcci\u00f3n.<\/li>\n<li>La inversi\u00f3n en bienes inmuebles urbanos y\/o rurales y la adquisici\u00f3n, construcci\u00f3n y administraci\u00f3n, arrendamiento, gravamen, promoci\u00f3n, corretaje, enajenaci\u00f3n de los mismos a cualquier t\u00edtulo.<\/li>\n<li>La participaci\u00f3n en toda clase de concursos y licitaciones p\u00fablicas y privadas relacionadas con la arquitectura, dise\u00f1o, ingenier\u00eda, construcci\u00f3n, interventor\u00eda de obras y de proyectos.<\/li>\n<\/ul>\n<p>[\/et_pb_cta][\/et_pb_column][\/et_pb_row][\/et_pb_section][et_pb_section fb_built=\u00bb1&#8243; disabled_on=\u00bboff|off|off\u00bb admin_label=\u00bbHero section\u00bb _builder_version=\u00bb4.9.11&#8243; _module_preset=\u00bbdefault\u00bb background_color=\u00bbrgba(0,0,0,0.81)\u00bb background_enable_image=\u00bboff\u00bb custom_margin=\u00bb-7px|||||\u00bb custom_padding=\u00bb1%||1.1%|||\u00bb global_module=\u00bb707&#8243; saved_tabs=\u00bball\u00bb global_colors_info=\u00bb{}\u00bb][et_pb_row _builder_version=\u00bb4.9.2&#8243; _module_preset=\u00bbdefault\u00bb custom_margin=\u00bb|||\u00bb global_colors_info=\u00bb{}\u00bb][et_pb_column type=\u00bb4_4&#8243; _builder_version=\u00bb3.25&#8243; _module_preset=\u00bbdefault\u00bb custom_padding=\u00bb|||\u00bb global_colors_info=\u00bb{}\u00bb custom_padding__hover=\u00bb|||\u00bb][et_pb_cta title=\u00bbCont\u00e1ctanos\u00bb button_url=\u00bb#\u00bb _builder_version=\u00bb4.9.11&#8243; _module_preset=\u00bb8945a522-fc36-4bb8-ad6b-2b603ad96d33&#8243; header_font=\u00bbPoppins|700|||||||\u00bb header_font_size=\u00bb48px\u00bb background_enable_color=\u00bboff\u00bb module_alignment=\u00bbcenter\u00bb custom_margin=\u00bb||6px|||\u00bb custom_padding=\u00bb||0px|||\u00bb header_font_size_tablet=\u00bb40px\u00bb header_font_size_phone=\u00bb34px\u00bb header_font_size_last_edited=\u00bbon|desktop\u00bb button_letter_spacing_hover=\u00bb2px\u00bb global_colors_info=\u00bb{}\u00bb button_text_size__hover_enabled=\u00bboff\u00bb button_one_text_size__hover_enabled=\u00bboff\u00bb button_two_text_size__hover_enabled=\u00bboff\u00bb button_text_color__hover_enabled=\u00bboff\u00bb button_one_text_color__hover_enabled=\u00bboff\u00bb button_two_text_color__hover_enabled=\u00bboff\u00bb button_border_width__hover_enabled=\u00bboff\u00bb button_one_border_width__hover_enabled=\u00bboff\u00bb button_two_border_width__hover_enabled=\u00bboff\u00bb button_border_color__hover_enabled=\u00bboff\u00bb button_one_border_color__hover_enabled=\u00bboff\u00bb button_two_border_color__hover_enabled=\u00bboff\u00bb button_border_radius__hover_enabled=\u00bboff\u00bb button_one_border_radius__hover_enabled=\u00bboff\u00bb button_two_border_radius__hover_enabled=\u00bboff\u00bb button_letter_spacing__hover_enabled=\u00bbon\u00bb button_letter_spacing__hover=\u00bb2px\u00bb button_one_letter_spacing__hover_enabled=\u00bboff\u00bb button_two_letter_spacing__hover_enabled=\u00bboff\u00bb button_bg_color__hover_enabled=\u00bboff\u00bb button_one_bg_color__hover_enabled=\u00bboff\u00bb button_two_bg_color__hover_enabled=\u00bboff\u00bb][\/et_pb_cta][et_pb_contact_form captcha=\u00bboff\u00bb title=\u00bbFormulario de Muestra &#8211; Temporal\u00bb success_message=\u00bb*Hemos recibido tu solicitud, pronto nos pondremos en contacto!\u00bb submit_button_text=\u00bbENVIAR\u00bb _builder_version=\u00bb4.9.11&#8243; _module_preset=\u00bb4a3081b6-95f1-4815-a489-971469143f04&#8243; form_field_custom_padding=\u00bb10px||10px||true|false\u00bb form_field_font=\u00bbLato||||||||\u00bb custom_button=\u00bbon\u00bb button_text_size=\u00bb18px\u00bb button_text_color=\u00bb#FFFFFF\u00bb button_bg_color=\u00bb#b7cc33&#8243; button_font=\u00bbPoppins||||||||\u00bb border_radii=\u00bbon|15px|15px|15px|15px\u00bb global_colors_info=\u00bb{}\u00bb][et_pb_contact_field field_id=\u00bbName\u00bb field_title=\u00bbNombre\u00bb _builder_version=\u00bb4.9.2&#8243; _module_preset=\u00bbdefault\u00bb global_colors_info=\u00bb{}\u00bb button_text_size__hover_enabled=\u00bboff\u00bb button_one_text_size__hover_enabled=\u00bboff\u00bb button_two_text_size__hover_enabled=\u00bboff\u00bb button_text_color__hover_enabled=\u00bboff\u00bb button_one_text_color__hover_enabled=\u00bboff\u00bb button_two_text_color__hover_enabled=\u00bboff\u00bb button_border_width__hover_enabled=\u00bboff\u00bb button_one_border_width__hover_enabled=\u00bboff\u00bb button_two_border_width__hover_enabled=\u00bboff\u00bb button_border_color__hover_enabled=\u00bboff\u00bb button_one_border_color__hover_enabled=\u00bboff\u00bb button_two_border_color__hover_enabled=\u00bboff\u00bb button_border_radius__hover_enabled=\u00bboff\u00bb button_one_border_radius__hover_enabled=\u00bboff\u00bb button_two_border_radius__hover_enabled=\u00bboff\u00bb button_letter_spacing__hover_enabled=\u00bboff\u00bb button_one_letter_spacing__hover_enabled=\u00bboff\u00bb button_two_letter_spacing__hover_enabled=\u00bboff\u00bb button_bg_color__hover_enabled=\u00bboff\u00bb button_one_bg_color__hover_enabled=\u00bboff\u00bb button_two_bg_color__hover_enabled=\u00bboff\u00bb][\/et_pb_contact_field][et_pb_contact_field field_id=\u00bbPhone\u00bb field_title=\u00bbTel\u00e9fono\u00bb _builder_version=\u00bb4.9.2&#8243; _module_preset=\u00bbdefault\u00bb global_colors_info=\u00bb{}\u00bb button_text_size__hover_enabled=\u00bboff\u00bb button_one_text_size__hover_enabled=\u00bboff\u00bb button_two_text_size__hover_enabled=\u00bboff\u00bb button_text_color__hover_enabled=\u00bboff\u00bb button_one_text_color__hover_enabled=\u00bboff\u00bb button_two_text_color__hover_enabled=\u00bboff\u00bb button_border_width__hover_enabled=\u00bboff\u00bb button_one_border_width__hover_enabled=\u00bboff\u00bb button_two_border_width__hover_enabled=\u00bboff\u00bb button_border_color__hover_enabled=\u00bboff\u00bb button_one_border_color__hover_enabled=\u00bboff\u00bb button_two_border_color__hover_enabled=\u00bboff\u00bb button_border_radius__hover_enabled=\u00bboff\u00bb button_one_border_radius__hover_enabled=\u00bboff\u00bb button_two_border_radius__hover_enabled=\u00bboff\u00bb button_letter_spacing__hover_enabled=\u00bboff\u00bb button_one_letter_spacing__hover_enabled=\u00bboff\u00bb button_two_letter_spacing__hover_enabled=\u00bboff\u00bb button_bg_color__hover_enabled=\u00bboff\u00bb button_one_bg_color__hover_enabled=\u00bboff\u00bb button_two_bg_color__hover_enabled=\u00bboff\u00bb][\/et_pb_contact_field][et_pb_contact_field field_id=\u00bbEmail\u00bb field_title=\u00bbDirecci\u00f3n de correo electr\u00f3nico\u00bb field_type=\u00bbemail\u00bb _builder_version=\u00bb3.16&#8243; _module_preset=\u00bbdefault\u00bb global_colors_info=\u00bb{}\u00bb button_text_size__hover_enabled=\u00bboff\u00bb button_one_text_size__hover_enabled=\u00bboff\u00bb button_two_text_size__hover_enabled=\u00bboff\u00bb button_text_color__hover_enabled=\u00bboff\u00bb button_one_text_color__hover_enabled=\u00bboff\u00bb button_two_text_color__hover_enabled=\u00bboff\u00bb button_border_width__hover_enabled=\u00bboff\u00bb button_one_border_width__hover_enabled=\u00bboff\u00bb button_two_border_width__hover_enabled=\u00bboff\u00bb button_border_color__hover_enabled=\u00bboff\u00bb button_one_border_color__hover_enabled=\u00bboff\u00bb button_two_border_color__hover_enabled=\u00bboff\u00bb button_border_radius__hover_enabled=\u00bboff\u00bb button_one_border_radius__hover_enabled=\u00bboff\u00bb button_two_border_radius__hover_enabled=\u00bboff\u00bb button_letter_spacing__hover_enabled=\u00bboff\u00bb button_one_letter_spacing__hover_enabled=\u00bboff\u00bb button_two_letter_spacing__hover_enabled=\u00bboff\u00bb button_bg_color__hover_enabled=\u00bboff\u00bb button_one_bg_color__hover_enabled=\u00bboff\u00bb button_two_bg_color__hover_enabled=\u00bboff\u00bb][\/et_pb_contact_field][et_pb_contact_field field_id=\u00bbMessage\u00bb field_title=\u00bbMensaje\u00bb field_type=\u00bbtext\u00bb fullwidth_field=\u00bbon\u00bb _builder_version=\u00bb3.16&#8243; _module_preset=\u00bbdefault\u00bb global_colors_info=\u00bb{}\u00bb button_text_size__hover_enabled=\u00bboff\u00bb button_one_text_size__hover_enabled=\u00bboff\u00bb button_two_text_size__hover_enabled=\u00bboff\u00bb button_text_color__hover_enabled=\u00bboff\u00bb button_one_text_color__hover_enabled=\u00bboff\u00bb button_two_text_color__hover_enabled=\u00bboff\u00bb button_border_width__hover_enabled=\u00bboff\u00bb button_one_border_width__hover_enabled=\u00bboff\u00bb button_two_border_width__hover_enabled=\u00bboff\u00bb button_border_color__hover_enabled=\u00bboff\u00bb button_one_border_color__hover_enabled=\u00bboff\u00bb button_two_border_color__hover_enabled=\u00bboff\u00bb button_border_radius__hover_enabled=\u00bboff\u00bb button_one_border_radius__hover_enabled=\u00bboff\u00bb button_two_border_radius__hover_enabled=\u00bboff\u00bb button_letter_spacing__hover_enabled=\u00bboff\u00bb button_one_letter_spacing__hover_enabled=\u00bboff\u00bb button_two_letter_spacing__hover_enabled=\u00bboff\u00bb button_bg_color__hover_enabled=\u00bboff\u00bb button_one_bg_color__hover_enabled=\u00bboff\u00bb button_two_bg_color__hover_enabled=\u00bboff\u00bb][\/et_pb_contact_field][\/et_pb_contact_form][\/et_pb_column][\/et_pb_row][\/et_pb_section][et_pb_section fb_built=\u00bb1&#8243; disabled_on=\u00bboff|off|off\u00bb _builder_version=\u00bb4.9.2&#8243; _module_preset=\u00bbdefault\u00bb background_color=\u00bb#e2e2e2&#8243; custom_padding=\u00bb29px||17px|||\u00bb global_module=\u00bb679&#8243; saved_tabs=\u00bball\u00bb global_colors_info=\u00bb{}\u00bb][et_pb_row column_structure=\u00bb1_2,1_2&#8243; _builder_version=\u00bb4.9.2&#8243; _module_preset=\u00bbdefault\u00bb global_colors_info=\u00bb{}\u00bb][et_pb_column type=\u00bb1_2&#8243; _builder_version=\u00bb4.9.2&#8243; _module_preset=\u00bbdefault\u00bb global_colors_info=\u00bb{}\u00bb][et_pb_text _builder_version=\u00bb4.9.11&#8243; _module_preset=\u00bbdefault\u00bb text_font=\u00bbPoppins|600|||||||\u00bb text_font_size=\u00bb22px\u00bb custom_padding=\u00bb||16px|||\u00bb global_colors_info=\u00bb{}\u00bb]<\/p>\n<p>Informaci\u00f3n de Contacto:<\/p>\n<p>[\/et_pb_text][et_pb_blurb title=\u00bb314 3284145 &#8211; 311 8861652&#8243; use_icon=\u00bbon\u00bb font_icon=\u00bb%%104%%\u00bb icon_color=\u00bb#373435&#8243; icon_placement=\u00bbleft\u00bb use_icon_font_size=\u00bbon\u00bb icon_font_size=\u00bb23px\u00bb _builder_version=\u00bb4.9.11&#8243; _module_preset=\u00bbdefault\u00bb header_font=\u00bbPoppins||||||||\u00bb min_height=\u00bb33px\u00bb custom_margin=\u00bb-25px|||||\u00bb custom_padding=\u00bb||17px|43px||\u00bb header_font_size_tablet=\u00bb\u00bb header_font_size_phone=\u00bb15px\u00bb header_font_size_last_edited=\u00bbon|desktop\u00bb global_colors_info=\u00bb{}\u00bb][\/et_pb_blurb][et_pb_blurb title=\u00bbventas@edifintel.com\u00bb use_icon=\u00bbon\u00bb font_icon=\u00bb%%109%%\u00bb icon_color=\u00bb#373435&#8243; icon_placement=\u00bbleft\u00bb use_icon_font_size=\u00bbon\u00bb icon_font_size=\u00bb23px\u00bb _builder_version=\u00bb4.9.11&#8243; _module_preset=\u00bbdefault\u00bb header_font=\u00bbPoppins||||||||\u00bb min_height=\u00bb33px\u00bb custom_margin=\u00bb-25px|||||\u00bb custom_padding=\u00bb||17px|43px||\u00bb header_font_size_tablet=\u00bb\u00bb header_font_size_phone=\u00bb16px\u00bb header_font_size_last_edited=\u00bbon|phone\u00bb global_colors_info=\u00bb{}\u00bb][\/et_pb_blurb][et_pb_blurb title=\u00bbDirecci\u00f3n:\u00bb use_icon=\u00bbon\u00bb font_icon=\u00bb%%249%%\u00bb icon_color=\u00bb#373435&#8243; icon_placement=\u00bbleft\u00bb use_icon_font_size=\u00bbon\u00bb icon_font_size=\u00bb23px\u00bb _builder_version=\u00bb4.9.11&#8243; _module_preset=\u00bbdefault\u00bb header_font=\u00bbPoppins||||||||\u00bb min_height=\u00bb33px\u00bb custom_margin=\u00bb-25px|||||\u00bb custom_padding=\u00bb||17px|43px||\u00bb global_colors_info=\u00bb{}\u00bb]<\/p>\n<p><span>Cra 35a #57b-14\/16<\/span><br \/>Nicol\u00e1s de Federman | Bogot\u00e1, Colombia<\/p>\n<p>[\/et_pb_blurb][\/et_pb_column][et_pb_column type=\u00bb1_2&#8243; _builder_version=\u00bb4.9.2&#8243; _module_preset=\u00bbdefault\u00bb global_colors_info=\u00bb{}\u00bb][et_pb_image src=\u00bbhttp:\/\/edifintel.com\/inicio\/wp-content\/uploads\/2021\/09\/LOGO.png\u00bb title_text=\u00bbLOGO\u00bb align=\u00bbcenter\u00bb _builder_version=\u00bb4.9.11&#8243; _module_preset=\u00bbdefault\u00bb width=\u00bb43%\u00bb custom_padding=\u00bb0px|||||\u00bb global_colors_info=\u00bb{}\u00bb][\/et_pb_image][et_pb_social_media_follow _builder_version=\u00bb4.9.11&#8243; _module_preset=\u00bbdefault\u00bb text_orientation=\u00bbcenter\u00bb global_colors_info=\u00bb{}\u00bb][et_pb_social_media_follow_network social_network=\u00bbinstagram\u00bb url=\u00bbhttps:\/\/www.instagram.com\/edifintel\/\u00bb _builder_version=\u00bb4.9.11&#8243; _module_preset=\u00bbdefault\u00bb background_color=\u00bb#ea2c59&#8243; global_colors_info=\u00bb{}\u00bb follow_button=\u00bboff\u00bb url_new_window=\u00bbon\u00bb]instagram[\/et_pb_social_media_follow_network][et_pb_social_media_follow_network social_network=\u00bbfacebook\u00bb url=\u00bbhttps:\/\/www.facebook.com\/EdificiosInteligentesSAS\/\u00bb _builder_version=\u00bb4.9.11&#8243; _module_preset=\u00bbdefault\u00bb background_color=\u00bb#3b5998&#8243; global_colors_info=\u00bb{}\u00bb follow_button=\u00bboff\u00bb url_new_window=\u00bbon\u00bb]facebook[\/et_pb_social_media_follow_network][\/et_pb_social_media_follow][\/et_pb_column][\/et_pb_row][\/et_pb_section]<\/p>\n","protected":false},"excerpt":{"rendered":"<p>Dise\u00f1amos y construimos viviendas ofreciendo confort, seguridad y bienestar, incorporando tecnolog\u00edas que ayudan a la conservaci\u00f3n del medio ambiente y el uso inteligente de la energ\u00eda. Hemos construido proyectos de vivienda en Bogot\u00e1, en sectores tales como Nicolas de Federman. Nuestro proyecto goza de gran valorizaci\u00f3n con excelentes acabados y especificaciones acordes a las necesidades [&hellip;]<\/p>\n","protected":false},"author":1,"featured_media":0,"parent":0,"menu_order":0,"comment_status":"closed","ping_status":"closed","template":"","meta":{"_et_pb_use_builder":"on","_et_pb_old_content":"","_et_gb_content_width":"","footnotes":""},"class_list":["post-8","page","type-page","status-publish","hentry"],"yoast_head":"<!-- This site is optimized with the Yoast SEO plugin v19.2 - https:\/\/yoast.com\/wordpress\/plugins\/seo\/ -->\n<title>ACERCA DE EDIFINTEL - Torre de la Merced<\/title>\n<meta name=\"robots\" content=\"index, follow, max-snippet:-1, max-image-preview:large, max-video-preview:-1\" \/>\n<link rel=\"canonical\" href=\"https:\/\/edifintel.com\/inicio\/acerca-de-edifintel\/\" \/>\n<meta property=\"og:locale\" content=\"es_ES\" \/>\n<meta property=\"og:type\" content=\"article\" \/>\n<meta property=\"og:title\" content=\"ACERCA DE EDIFINTEL - Torre de la Merced\" \/>\n<meta property=\"og:description\" content=\"Dise\u00f1amos y construimos viviendas ofreciendo confort, seguridad y bienestar, incorporando tecnolog\u00edas que ayudan a la conservaci\u00f3n del medio ambiente y el uso inteligente de la energ\u00eda. Hemos construido proyectos de vivienda en Bogot\u00e1, en sectores tales como Nicolas de Federman. Nuestro proyecto goza de gran valorizaci\u00f3n con excelentes acabados y especificaciones acordes a las necesidades [&hellip;]\" \/>\n<meta property=\"og:url\" content=\"https:\/\/edifintel.com\/inicio\/acerca-de-edifintel\/\" \/>\n<meta property=\"og:site_name\" content=\"Torre de la Merced\" \/>\n<meta property=\"article:modified_time\" content=\"2021-09-28T16:15:10+00:00\" \/>\n<meta name=\"author\" content=\"admin\" \/>\n<meta name=\"twitter:card\" content=\"summary_large_image\" \/>\n<meta name=\"twitter:label1\" content=\"Tiempo de lectura\" \/>\n\t<meta name=\"twitter:data1\" content=\"10 minutos\" \/>\n<script type=\"application\/ld+json\" class=\"yoast-schema-graph\">{\"@context\":\"https:\/\/schema.org\",\"@graph\":[{\"@type\":\"WebSite\",\"@id\":\"https:\/\/edifintel.com\/inicio\/#website\",\"url\":\"https:\/\/edifintel.com\/inicio\/\",\"name\":\"Torre de la Merced\",\"description\":\"Apartamentos Nicol\u00e1s de Federm\u00e1n\",\"potentialAction\":[{\"@type\":\"SearchAction\",\"target\":{\"@type\":\"EntryPoint\",\"urlTemplate\":\"https:\/\/edifintel.com\/inicio\/?s={search_term_string}\"},\"query-input\":\"required name=search_term_string\"}],\"inLanguage\":\"es\"},{\"@type\":\"WebPage\",\"@id\":\"https:\/\/edifintel.com\/inicio\/acerca-de-edifintel\/#webpage\",\"url\":\"https:\/\/edifintel.com\/inicio\/acerca-de-edifintel\/\",\"name\":\"ACERCA DE EDIFINTEL - Torre de la Merced\",\"isPartOf\":{\"@id\":\"https:\/\/edifintel.com\/inicio\/#website\"},\"datePublished\":\"2021-09-07T20:03:26+00:00\",\"dateModified\":\"2021-09-28T16:15:10+00:00\",\"breadcrumb\":{\"@id\":\"https:\/\/edifintel.com\/inicio\/acerca-de-edifintel\/#breadcrumb\"},\"inLanguage\":\"es\",\"potentialAction\":[{\"@type\":\"ReadAction\",\"target\":[\"https:\/\/edifintel.com\/inicio\/acerca-de-edifintel\/\"]}]},{\"@type\":\"BreadcrumbList\",\"@id\":\"https:\/\/edifintel.com\/inicio\/acerca-de-edifintel\/#breadcrumb\",\"itemListElement\":[{\"@type\":\"ListItem\",\"position\":1,\"name\":\"Portada\",\"item\":\"https:\/\/edifintel.com\/inicio\/\"},{\"@type\":\"ListItem\",\"position\":2,\"name\":\"ACERCA DE EDIFINTEL\"}]}]}<\/script>\n<!-- \/ Yoast SEO plugin. -->","yoast_head_json":{"title":"ACERCA DE EDIFINTEL - Torre de la Merced","robots":{"index":"index","follow":"follow","max-snippet":"max-snippet:-1","max-image-preview":"max-image-preview:large","max-video-preview":"max-video-preview:-1"},"canonical":"https:\/\/edifintel.com\/inicio\/acerca-de-edifintel\/","og_locale":"es_ES","og_type":"article","og_title":"ACERCA DE EDIFINTEL - Torre de la Merced","og_description":"Dise\u00f1amos y construimos viviendas ofreciendo confort, seguridad y bienestar, incorporando tecnolog\u00edas que ayudan a la conservaci\u00f3n del medio ambiente y el uso inteligente de la energ\u00eda. Hemos construido proyectos de vivienda en Bogot\u00e1, en sectores tales como Nicolas de Federman. Nuestro proyecto goza de gran valorizaci\u00f3n con excelentes acabados y especificaciones acordes a las necesidades [&hellip;]","og_url":"https:\/\/edifintel.com\/inicio\/acerca-de-edifintel\/","og_site_name":"Torre de la Merced","article_modified_time":"2021-09-28T16:15:10+00:00","author":"admin","twitter_card":"summary_large_image","twitter_misc":{"Tiempo de lectura":"10 minutos"},"schema":{"@context":"https:\/\/schema.org","@graph":[{"@type":"WebSite","@id":"https:\/\/edifintel.com\/inicio\/#website","url":"https:\/\/edifintel.com\/inicio\/","name":"Torre de la Merced","description":"Apartamentos Nicol\u00e1s de Federm\u00e1n","potentialAction":[{"@type":"SearchAction","target":{"@type":"EntryPoint","urlTemplate":"https:\/\/edifintel.com\/inicio\/?s={search_term_string}"},"query-input":"required name=search_term_string"}],"inLanguage":"es"},{"@type":"WebPage","@id":"https:\/\/edifintel.com\/inicio\/acerca-de-edifintel\/#webpage","url":"https:\/\/edifintel.com\/inicio\/acerca-de-edifintel\/","name":"ACERCA DE EDIFINTEL - Torre de la Merced","isPartOf":{"@id":"https:\/\/edifintel.com\/inicio\/#website"},"datePublished":"2021-09-07T20:03:26+00:00","dateModified":"2021-09-28T16:15:10+00:00","breadcrumb":{"@id":"https:\/\/edifintel.com\/inicio\/acerca-de-edifintel\/#breadcrumb"},"inLanguage":"es","potentialAction":[{"@type":"ReadAction","target":["https:\/\/edifintel.com\/inicio\/acerca-de-edifintel\/"]}]},{"@type":"BreadcrumbList","@id":"https:\/\/edifintel.com\/inicio\/acerca-de-edifintel\/#breadcrumb","itemListElement":[{"@type":"ListItem","position":1,"name":"Portada","item":"https:\/\/edifintel.com\/inicio\/"},{"@type":"ListItem","position":2,"name":"ACERCA DE EDIFINTEL"}]}]}},"_links":{"self":[{"href":"https:\/\/edifintel.com\/inicio\/wp-json\/wp\/v2\/pages\/8","targetHints":{"allow":["GET"]}}],"collection":[{"href":"https:\/\/edifintel.com\/inicio\/wp-json\/wp\/v2\/pages"}],"about":[{"href":"https:\/\/edifintel.com\/inicio\/wp-json\/wp\/v2\/types\/page"}],"author":[{"embeddable":true,"href":"https:\/\/edifintel.com\/inicio\/wp-json\/wp\/v2\/users\/1"}],"replies":[{"embeddable":true,"href":"https:\/\/edifintel.com\/inicio\/wp-json\/wp\/v2\/comments?post=8"}],"version-history":[{"count":12,"href":"https:\/\/edifintel.com\/inicio\/wp-json\/wp\/v2\/pages\/8\/revisions"}],"predecessor-version":[{"id":963,"href":"https:\/\/edifintel.com\/inicio\/wp-json\/wp\/v2\/pages\/8\/revisions\/963"}],"wp:attachment":[{"href":"https:\/\/edifintel.com\/inicio\/wp-json\/wp\/v2\/media?parent=8"}],"curies":[{"name":"wp","href":"https:\/\/api.w.org\/{rel}","templated":true}]}}